{"id":253,"date":"2016-05-23T10:30:12","date_gmt":"2016-05-23T10:30:12","guid":{"rendered":"http:\/\/test.kriesi.at\/enfold-health-coach\/?page_id=253"},"modified":"2021-11-15T16:32:00","modified_gmt":"2021-11-15T16:32:00","slug":"sobre-nosotros","status":"publish","type":"page","link":"https:\/\/www.iprotec-ingenieros.com\/es\/sobre-nosotros\/","title":{"rendered":"Quienes somos"},"content":{"rendered":"<section class=\"av_textblock_section \"  itemscope=\"itemscope\" itemtype=\"https:\/\/schema.org\/CreativeWork\" ><div class='avia_textblock  '   itemprop=\"text\" ><p>El objetivo de Iprotec Ingenieros, es poner en mano de nuestros clientes un servicio integral de ingenier\u00eda que cubra todas sus necesidades t\u00e9cnicas en el desarrollo y ejecuci\u00f3n de sus proyectos, gracias al gran equipo de ingenier\u00eda multidisciplinar del que disponemos.<\/p>\n<p><u>Reinaldo Quir\u00f3s G\u00f3mez<\/u><\/p>\n<p><strong>Gerente<\/strong><\/p>\n<\/div><\/section>\n<div  style=' margin-top:30px; margin-bottom:30px;'  class='hr hr-custom hr-center hr-icon-no   avia-builder-el-1  el_after_av_textblock  avia-builder-el-last '><span class='hr-inner   inner-border-av-border-thin' style=' width:50px; border-color:#ffffff;' ><span class='hr-inner-style'><\/span><\/span><\/div>\n","protected":false},"excerpt":{"rendered":"","protected":false},"author":1,"featured_media":0,"parent":0,"menu_order":0,"comment_status":"closed","ping_status":"closed","template":"","meta":[],"_links":{"self":[{"href":"https:\/\/www.iprotec-ingenieros.com\/es\/wp-json\/wp\/v2\/pages\/253"}],"collection":[{"href":"https:\/\/www.iprotec-ingenieros.com\/es\/wp-json\/wp\/v2\/pages"}],"about":[{"href":"https:\/\/www.iprotec-ingenieros.com\/es\/wp-json\/wp\/v2\/types\/page"}],"author":[{"embeddable":true,"href":"https:\/\/www.iprotec-ingenieros.com\/es\/wp-json\/wp\/v2\/users\/1"}],"replies":[{"embeddable":true,"href":"https:\/\/www.iprotec-ingenieros.com\/es\/wp-json\/wp\/v2\/comments?post=253"}],"version-history":[{"count":38,"href":"https:\/\/www.iprotec-ingenieros.com\/es\/wp-json\/wp\/v2\/pages\/253\/revisions"}],"predecessor-version":[{"id":1285,"href":"https:\/\/www.iprotec-ingenieros.com\/es\/wp-json\/wp\/v2\/pages\/253\/revisions\/1285"}],"wp:attachment":[{"href":"https:\/\/www.iprotec-ingenieros.com\/es\/wp-json\/wp\/v2\/media?parent=253"}],"curies":[{"name":"wp","href":"https:\/\/api.w.org\/{rel}","templated":true}]}}